{"id":15829,"date":"2025-04-10T10:40:51","date_gmt":"2025-04-10T10:40:51","guid":{"rendered":"https:\/\/darzenine.com\/?page_id=15829"},"modified":"2025-06-25T08:38:03","modified_gmt":"2025-06-25T08:38:03","slug":"contact","status":"publish","type":"page","link":"https:\/\/darzenine.com\/index.php\/contact\/","title":{"rendered":"Contact"},"content":{"rendered":"\t\t<div data-elementor-type=\"wp-page\" data-elementor-id=\"15829\" class=\"elementor elementor-15829\">\n\t\t\t\t<div class=\"wd-negative-gap elementor-element elementor-element-6527209 wd-section-stretch e-flex e-con-boxed e-con e-parent\" data-id=\"6527209\" data-element_type=\"container\" data-settings=\"{&quot;background_background&quot;:&quot;classic&quot;}\">\n\t\t\t\t\t<div class=\"e-con-inner\">\n\t\t\t\t<div class=\"elementor-element elementor-element-bbc31df elementor-widget elementor-widget-image\" data-id=\"bbc31df\" data-element_type=\"widget\" data-widget_type=\"image.default\">\n\t\t\t\t<div class=\"elementor-widget-container\">\n\t\t\t\t\t\t\t\t\t\t\t\t\t\t\t<img fetchpriority=\"high\" decoding=\"async\" width=\"422\" height=\"591\" src=\"https:\/\/darzenine.com\/wp-content\/uploads\/2025\/04\/Dar_Zenine__2_-removebg-preview.png\" class=\"attachment-full size-full wp-image-15723\" alt=\"\" srcset=\"https:\/\/darzenine.com\/wp-content\/uploads\/2025\/04\/Dar_Zenine__2_-removebg-preview.png 422w, https:\/\/darzenine.com\/wp-content\/uploads\/2025\/04\/Dar_Zenine__2_-removebg-preview-214x300.png 214w, https:\/\/darzenine.com\/wp-content\/uploads\/2025\/04\/Dar_Zenine__2_-removebg-preview-150x210.png 150w\" sizes=\"(max-width: 422px) 100vw, 422px\" \/>\t\t\t\t\t\t\t\t\t\t\t\t\t\t\t<\/div>\n\t\t\t\t<\/div>\n\t\t\t\t\t<\/div>\n\t\t\t\t<\/div>\n\t\t<div class=\"wd-negative-gap elementor-element elementor-element-1af30888 wd-section-stretch e-flex e-con-boxed e-con e-parent\" data-id=\"1af30888\" data-element_type=\"container\" data-settings=\"{&quot;background_background&quot;:&quot;classic&quot;}\">\n\t\t\t\t\t<div class=\"e-con-inner\">\n\t\t<div class=\"elementor-element elementor-element-31deb68a e-con-full e-flex e-con e-child\" data-id=\"31deb68a\" data-element_type=\"container\" data-settings=\"{&quot;background_background&quot;:&quot;classic&quot;}\">\n\t\t\t\t<div class=\"elementor-element elementor-element-47806ae8 elementor-widget elementor-widget-heading\" data-id=\"47806ae8\" data-element_type=\"widget\" data-widget_type=\"heading.default\">\n\t\t\t\t<div class=\"elementor-widget-container\">\n\t\t\t\t\t<h2 class=\"elementor-heading-title elementor-size-default\">Et si on parlait de votre prochain s\u00e9jour ?<\/h2>\t\t\t\t<\/div>\n\t\t\t\t<\/div>\n\t\t\t\t<div class=\"elementor-element elementor-element-6ba8bfbe color-scheme-inherit text-left elementor-widget elementor-widget-text-editor\" data-id=\"6ba8bfbe\" data-element_type=\"widget\" data-widget_type=\"text-editor.default\">\n\t\t\t\t<div class=\"elementor-widget-container\">\n\t\t\t\t\t\t\t\t\t<p><span style=\"font-weight: 400;\">Dar Zenine ne se d\u00e9couvre pas par hasard.<\/span><span style=\"font-weight: 400;\"><br \/><\/span><span style=\"font-weight: 400;\">Vous avez peut-\u00eatre \u00e9t\u00e9 touch\u00e9 par l\u2019ambiance du lieu, l\u2019histoire, les images\u2026<\/span><span style=\"font-weight: 400;\"><br \/><\/span><span style=\"font-weight: 400;\">Maintenant, c\u2019est \u00e0 vous.<\/span><\/p>\t\t\t\t\t\t\t\t<\/div>\n\t\t\t\t<\/div>\n\t\t\t\t<div class=\"elementor-element elementor-element-61ff4521 color-scheme-inherit text-left elementor-widget elementor-widget-text-editor\" data-id=\"61ff4521\" data-element_type=\"widget\" data-widget_type=\"text-editor.default\">\n\t\t\t\t<div class=\"elementor-widget-container\">\n\t\t\t\t\t\t\t\t\t<p><span style=\"font-weight: 400;\">d\u00e9couvrir la maison, nous serons ravis d\u2019\u00e9changer avec vous.<\/span><\/p>\t\t\t\t\t\t\t\t<\/div>\n\t\t\t\t<\/div>\n\t\t\t\t<\/div>\n\t\t\t\t\t<\/div>\n\t\t\t\t<\/div>\n\t\t<div class=\"wd-negative-gap elementor-element elementor-element-208a45f wd-section-stretch e-grid e-con-boxed e-con e-parent\" data-id=\"208a45f\" data-element_type=\"container\" data-settings=\"{&quot;background_background&quot;:&quot;classic&quot;}\">\n\t\t\t\t\t<div class=\"e-con-inner\">\n\t\t<div class=\"elementor-element elementor-element-12c5b4a e-con-full e-flex e-con e-child\" data-id=\"12c5b4a\" data-element_type=\"container\" data-settings=\"{&quot;background_background&quot;:&quot;classic&quot;}\">\n\t\t\t\t<div class=\"elementor-element elementor-element-df6d6a9 color-scheme-inherit text-left elementor-widget elementor-widget-text-editor\" data-id=\"df6d6a9\" data-element_type=\"widget\" data-widget_type=\"text-editor.default\">\n\t\t\t\t<div class=\"elementor-widget-container\">\n\t\t\t\t\t\t\t\t\t<p><span style=\"font-weight: 400;\">Pour toute demande d\u2019information ou de r\u00e9servation<\/span><\/p><p><span style=\"font-weight: 400;\">Vous pouvez nous contacter :<\/span><\/p><ul><li style=\"font-weight: 400;\" aria-level=\"1\"><span style=\"font-weight: 400;\">via le formulaire ci-dessous<\/span><\/li><li style=\"font-weight: 400;\" aria-level=\"1\"><span style=\"font-weight: 400;\">par WhatsApp au +212664675869<\/span><\/li><\/ul>\t\t\t\t\t\t\t\t<\/div>\n\t\t\t\t<\/div>\n\t\t\t\t<div class=\"elementor-element elementor-element-4aed5a7 color-scheme-inherit text-left elementor-widget elementor-widget-text-editor\" data-id=\"4aed5a7\" data-element_type=\"widget\" data-widget_type=\"text-editor.default\">\n\t\t\t\t<div class=\"elementor-widget-container\">\n\t\t\t\t\t\t\t\t\t<p><span style=\"font-weight: 400;\">Anne-Sophie, votre interlocutrice d\u00e9di\u00e9e sur place, vous r\u00e9pondra rapidement et vous accompagnera dans l\u2019organisation de votre s\u00e9jour.<\/span><\/p><p><span style=\"font-weight: 400;\">Nous accueillons chaque demande avec attention.<\/span><span style=\"font-weight: 400;\"><br \/><\/span><b><i>Parce que Dar Zenine est un lieu <\/i><\/b><b><i>unique, pour des s\u00e9jours qui le sont tout autant.<\/i><\/b><\/p>\t\t\t\t\t\t\t\t<\/div>\n\t\t\t\t<\/div>\n\t\t\t\t<\/div>\n\t\t<div class=\"elementor-element elementor-element-494e2a4 e-con-full e-flex e-con e-child\" data-id=\"494e2a4\" data-element_type=\"container\">\n\t\t\t\t<div class=\"elementor-element elementor-element-8241e6a elementor-widget elementor-widget-wd_contact_form_7\" data-id=\"8241e6a\" data-element_type=\"widget\" data-widget_type=\"wd_contact_form_7.default\">\n\t\t\t\t<div class=\"elementor-widget-container\">\n\t\t\t\t\t\n<div class=\"wpcf7 no-js\" id=\"wpcf7-f13-o1\" lang=\"en-US\" dir=\"ltr\" data-wpcf7-id=\"13\">\n<div class=\"screen-reader-response\"><p role=\"status\" aria-live=\"polite\" aria-atomic=\"true\"><\/p> <ul><\/ul><\/div>\n<form action=\"\/index.php\/wp-json\/wp\/v2\/pages\/15829#wpcf7-f13-o1\" method=\"post\" class=\"wpcf7-form init\" aria-label=\"Contact form\" novalidate=\"novalidate\" data-status=\"init\">\n<div style=\"display: none;\">\n<input type=\"hidden\" name=\"_wpcf7\" value=\"13\" \/>\n<input type=\"hidden\" name=\"_wpcf7_version\" value=\"6.0.5\" \/>\n<input type=\"hidden\" name=\"_wpcf7_locale\" value=\"en_US\" \/>\n<input type=\"hidden\" name=\"_wpcf7_unit_tag\" value=\"wpcf7-f13-o1\" \/>\n<input type=\"hidden\" name=\"_wpcf7_container_post\" value=\"0\" \/>\n<input type=\"hidden\" name=\"_wpcf7_posted_data_hash\" value=\"\" \/>\n<\/div>\n<p><!DOCTYPE html>\n<\/p>\n<html lang=\"fr\">\n\t<head>\n <meta charset=\"UTF-8\" \/>\n <meta name=\"viewport\" content=\"width=device-width, initial-scale=1.0\" \/>\n\t\t<title>Formulaire de Contact Stylis\u00e9\n\t\t<\/title>\n\t\t<style>\n body {\n font-family: sans-serif;\n background-color: #1b263b;\n padding: 40px;\n color: #ffffff;\n }\n\n form {\n max-width: 600px;\n margin: auto;\n background-color: #FFEDD9;\n padding: 30px;\n border-radius: 10px;\n }\n\n label {\n display: block;\n margin-bottom: 15px;\n color: #1B263B;\n }\n\n input, textarea {\n width: 100%;\n padding: 12px 16px;\n margin-top: 5px;\n \n border-radius: 5px;\n font-size: 16px;\n \n color: #1b263b;\n }\n\n textarea {\n height: 150px;\n resize: vertical;\n }\n\n .custom-submit {\n background-color: #1b263b;\n color: white;\n font-weight: bold;\n padding: 12px 24px;\n border: 2px solid #1b263b;\n border-radius: 5px;\n margin-top: 10px;\n cursor: pointer;\n transition: background 0.3s;\n }\n\t\t<\/style>\n\t<\/head>\n\t<body>\n\t\t<form>\n\t\t\t<p><label><br \/>\nVotre nom<br \/>\n<input type=\"text\" name=\"your-name\" autocomplete=\"name\" required \/><br \/>\n<\/label>\n\t\t\t<\/p>\n\t\t\t<p><label><br \/>\nVotre email<br \/>\n<input type=\"email\" name=\"your-email\" autocomplete=\"email\" required \/><br \/>\n<\/label>\n\t\t\t<\/p>\n\t\t\t<p><label><br \/>\nVotre message (facultatif)<br \/>\n<textarea name=\"your-message\"><\/textarea><br \/>\n<\/label>\n\t\t\t<\/p>\n\t\t\t<p><button type=\"submit\" class=\"custom-submit\">Envoyer<\/button>\n\t\t\t<\/p>\n\t\t<\/form>\n\t<\/body>\n<\/html><div class=\"wpcf7-response-output\" aria-hidden=\"true\"><\/div>\n<\/form>\n<\/div>\n\t\t\t\t<\/div>\n\t\t\t\t<\/div>\n\t\t\t\t<\/div>\n\t\t\t\t\t<\/div>\n\t\t\t\t<\/div>\n\t\t\t\t<\/div>\n\t\t","protected":false},"excerpt":{"rendered":"<p>Et si on parlait de votre prochain s\u00e9jour ? Dar Zenine ne se d\u00e9couvre pas par hasard.Vous avez peut-\u00eatre \u00e9t\u00e9<\/p>\n","protected":false},"author":1,"featured_media":0,"parent":0,"menu_order":0,"comment_status":"closed","ping_status":"closed","template":"","meta":{"footnotes":""},"class_list":["post-15829","page","type-page","status-publish","hentry"],"yoast_head":"<!-- This site is optimized with the Yoast SEO plugin v26.2 - https:\/\/yoast.com\/wordpress\/plugins\/seo\/ -->\n<title>Contact - darzenine<\/title>\n<meta name=\"robots\" content=\"index, follow, max-snippet:-1, max-image-preview:large, max-video-preview:-1\" \/>\n<link rel=\"canonical\" href=\"https:\/\/darzenine.com\/index.php\/contact\/\" \/>\n<meta property=\"og:locale\" content=\"en_US\" \/>\n<meta property=\"og:type\" content=\"article\" \/>\n<meta property=\"og:title\" content=\"Contact - darzenine\" \/>\n<meta property=\"og:description\" content=\"Et si on parlait de votre prochain s\u00e9jour ? Dar Zenine ne se d\u00e9couvre pas par hasard.Vous avez peut-\u00eatre \u00e9t\u00e9\" \/>\n<meta property=\"og:url\" content=\"https:\/\/darzenine.com\/index.php\/contact\/\" \/>\n<meta property=\"og:site_name\" content=\"darzenine\" \/>\n<meta property=\"article:modified_time\" content=\"2025-06-25T08:38:03+00:00\" \/>\n<meta property=\"og:image\" content=\"https:\/\/darzenine.com\/wp-content\/uploads\/2025\/04\/Dar_Zenine__2_-removebg-preview.png\" \/>\n<meta name=\"twitter:card\" content=\"summary_large_image\" \/>\n<meta name=\"twitter:label1\" content=\"Est. reading time\" \/>\n\t<meta name=\"twitter:data1\" content=\"1 minute\" \/>\n<script type=\"application\/ld+json\" class=\"yoast-schema-graph\">{\"@context\":\"https:\/\/schema.org\",\"@graph\":[{\"@type\":\"WebPage\",\"@id\":\"https:\/\/darzenine.com\/index.php\/contact\/\",\"url\":\"https:\/\/darzenine.com\/index.php\/contact\/\",\"name\":\"Contact - darzenine\",\"isPartOf\":{\"@id\":\"https:\/\/darzenine.com\/#website\"},\"primaryImageOfPage\":{\"@id\":\"https:\/\/darzenine.com\/index.php\/contact\/#primaryimage\"},\"image\":{\"@id\":\"https:\/\/darzenine.com\/index.php\/contact\/#primaryimage\"},\"thumbnailUrl\":\"https:\/\/darzenine.com\/wp-content\/uploads\/2025\/04\/Dar_Zenine__2_-removebg-preview.png\",\"datePublished\":\"2025-04-10T10:40:51+00:00\",\"dateModified\":\"2025-06-25T08:38:03+00:00\",\"breadcrumb\":{\"@id\":\"https:\/\/darzenine.com\/index.php\/contact\/#breadcrumb\"},\"inLanguage\":\"en-US\",\"potentialAction\":[{\"@type\":\"ReadAction\",\"target\":[\"https:\/\/darzenine.com\/index.php\/contact\/\"]}]},{\"@type\":\"ImageObject\",\"inLanguage\":\"en-US\",\"@id\":\"https:\/\/darzenine.com\/index.php\/contact\/#primaryimage\",\"url\":\"https:\/\/darzenine.com\/wp-content\/uploads\/2025\/04\/Dar_Zenine__2_-removebg-preview.png\",\"contentUrl\":\"https:\/\/darzenine.com\/wp-content\/uploads\/2025\/04\/Dar_Zenine__2_-removebg-preview.png\",\"width\":422,\"height\":591},{\"@type\":\"BreadcrumbList\",\"@id\":\"https:\/\/darzenine.com\/index.php\/contact\/#breadcrumb\",\"itemListElement\":[{\"@type\":\"ListItem\",\"position\":1,\"name\":\"Home\",\"item\":\"https:\/\/darzenine.com\/\"},{\"@type\":\"ListItem\",\"position\":2,\"name\":\"Contact\"}]},{\"@type\":\"WebSite\",\"@id\":\"https:\/\/darzenine.com\/#website\",\"url\":\"https:\/\/darzenine.com\/\",\"name\":\"Dar Zenine\uff5cMaison location Essaouira\",\"description\":\"\",\"potentialAction\":[{\"@type\":\"SearchAction\",\"target\":{\"@type\":\"EntryPoint\",\"urlTemplate\":\"https:\/\/darzenine.com\/?s={search_term_string}\"},\"query-input\":{\"@type\":\"PropertyValueSpecification\",\"valueRequired\":true,\"valueName\":\"search_term_string\"}}],\"inLanguage\":\"en-US\"}]}<\/script>\n<!-- \/ Yoast SEO plugin. -->","yoast_head_json":{"title":"Contact - darzenine","robots":{"index":"index","follow":"follow","max-snippet":"max-snippet:-1","max-image-preview":"max-image-preview:large","max-video-preview":"max-video-preview:-1"},"canonical":"https:\/\/darzenine.com\/index.php\/contact\/","og_locale":"en_US","og_type":"article","og_title":"Contact - darzenine","og_description":"Et si on parlait de votre prochain s\u00e9jour ? Dar Zenine ne se d\u00e9couvre pas par hasard.Vous avez peut-\u00eatre \u00e9t\u00e9","og_url":"https:\/\/darzenine.com\/index.php\/contact\/","og_site_name":"darzenine","article_modified_time":"2025-06-25T08:38:03+00:00","og_image":[{"url":"https:\/\/darzenine.com\/wp-content\/uploads\/2025\/04\/Dar_Zenine__2_-removebg-preview.png","type":"","width":"","height":""}],"twitter_card":"summary_large_image","twitter_misc":{"Est. reading time":"1 minute"},"schema":{"@context":"https:\/\/schema.org","@graph":[{"@type":"WebPage","@id":"https:\/\/darzenine.com\/index.php\/contact\/","url":"https:\/\/darzenine.com\/index.php\/contact\/","name":"Contact - darzenine","isPartOf":{"@id":"https:\/\/darzenine.com\/#website"},"primaryImageOfPage":{"@id":"https:\/\/darzenine.com\/index.php\/contact\/#primaryimage"},"image":{"@id":"https:\/\/darzenine.com\/index.php\/contact\/#primaryimage"},"thumbnailUrl":"https:\/\/darzenine.com\/wp-content\/uploads\/2025\/04\/Dar_Zenine__2_-removebg-preview.png","datePublished":"2025-04-10T10:40:51+00:00","dateModified":"2025-06-25T08:38:03+00:00","breadcrumb":{"@id":"https:\/\/darzenine.com\/index.php\/contact\/#breadcrumb"},"inLanguage":"en-US","potentialAction":[{"@type":"ReadAction","target":["https:\/\/darzenine.com\/index.php\/contact\/"]}]},{"@type":"ImageObject","inLanguage":"en-US","@id":"https:\/\/darzenine.com\/index.php\/contact\/#primaryimage","url":"https:\/\/darzenine.com\/wp-content\/uploads\/2025\/04\/Dar_Zenine__2_-removebg-preview.png","contentUrl":"https:\/\/darzenine.com\/wp-content\/uploads\/2025\/04\/Dar_Zenine__2_-removebg-preview.png","width":422,"height":591},{"@type":"BreadcrumbList","@id":"https:\/\/darzenine.com\/index.php\/contact\/#breadcrumb","itemListElement":[{"@type":"ListItem","position":1,"name":"Home","item":"https:\/\/darzenine.com\/"},{"@type":"ListItem","position":2,"name":"Contact"}]},{"@type":"WebSite","@id":"https:\/\/darzenine.com\/#website","url":"https:\/\/darzenine.com\/","name":"Dar Zenine\uff5cMaison location Essaouira","description":"","potentialAction":[{"@type":"SearchAction","target":{"@type":"EntryPoint","urlTemplate":"https:\/\/darzenine.com\/?s={search_term_string}"},"query-input":{"@type":"PropertyValueSpecification","valueRequired":true,"valueName":"search_term_string"}}],"inLanguage":"en-US"}]}},"_links":{"self":[{"href":"https:\/\/darzenine.com\/index.php\/wp-json\/wp\/v2\/pages\/15829","targetHints":{"allow":["GET"]}}],"collection":[{"href":"https:\/\/darzenine.com\/index.php\/wp-json\/wp\/v2\/pages"}],"about":[{"href":"https:\/\/darzenine.com\/index.php\/wp-json\/wp\/v2\/types\/page"}],"author":[{"embeddable":true,"href":"https:\/\/darzenine.com\/index.php\/wp-json\/wp\/v2\/users\/1"}],"replies":[{"embeddable":true,"href":"https:\/\/darzenine.com\/index.php\/wp-json\/wp\/v2\/comments?post=15829"}],"version-history":[{"count":89,"href":"https:\/\/darzenine.com\/index.php\/wp-json\/wp\/v2\/pages\/15829\/revisions"}],"predecessor-version":[{"id":16808,"href":"https:\/\/darzenine.com\/index.php\/wp-json\/wp\/v2\/pages\/15829\/revisions\/16808"}],"wp:attachment":[{"href":"https:\/\/darzenine.com\/index.php\/wp-json\/wp\/v2\/media?parent=15829"}],"curies":[{"name":"wp","href":"https:\/\/api.w.org\/{rel}","templated":true}]}}